{"id":2375,"date":"2024-02-25T20:56:48","date_gmt":"2024-02-25T18:56:48","guid":{"rendered":"https:\/\/oigusliit.eu\/?page_id=2375"},"modified":"2024-04-01T14:16:16","modified_gmt":"2024-04-01T12:16:16","slug":"stardiplatvorm","status":"publish","type":"page","link":"https:\/\/oigusliit.eu\/en\/stardiplatvorm\/","title":{"rendered":"Startplatform"},"content":{"rendered":"<div data-elementor-type=\"wp-page\" data-elementor-id=\"2375\" class=\"elementor elementor-2375\" data-elementor-post-type=\"page\">\n\t\t\t\t\t\t<section class=\"elementor-section elementor-top-section elementor-element elementor-element-33a3450 elementor-section-boxed elementor-section-height-default elementor-section-height-default\" data-id=\"33a3450\" data-element_type=\"section\" data-e-type=\"section\">\n\t\t\t\t\t\t<div class=\"elementor-container elementor-column-gap-default\">\n\t\t\t\t\t<div class=\"elementor-column elementor-col-100 elementor-top-column elementor-element elementor-element-7b2b84c\" data-id=\"7b2b84c\" data-element_type=\"column\" data-e-type=\"column\">\n\t\t\t<div class=\"elementor-widget-wrap elementor-element-populated\">\n\t\t\t\t\t\t<div class=\"elementor-element elementor-element-6168b4d elementor-widget elementor-widget-image\" data-id=\"6168b4d\" data-element_type=\"widget\" data-e-type=\"widget\" data-widget_type=\"image.default\">\n\t\t\t\t<div class=\"elementor-widget-container\">\n\t\t\t\t\t\t\t\t\t\t\t\t\t\t\t<img decoding=\"async\" width=\"300\" height=\"100\" src=\"https:\/\/oigusliit.eu\/wp-content\/uploads\/2024\/03\/stardiplatvorm-300x100.png\" class=\"attachment-medium size-medium wp-image-2550\" alt=\"\" srcset=\"https:\/\/oigusliit.eu\/wp-content\/uploads\/2024\/03\/stardiplatvorm-300x100.png 300w, https:\/\/oigusliit.eu\/wp-content\/uploads\/2024\/03\/stardiplatvorm-768x256.png 768w, https:\/\/oigusliit.eu\/wp-content\/uploads\/2024\/03\/stardiplatvorm-18x6.png 18w, https:\/\/oigusliit.eu\/wp-content\/uploads\/2024\/03\/stardiplatvorm.png 983w\" sizes=\"(max-width: 300px) 100vw, 300px\" \/>\t\t\t\t\t\t\t\t\t\t\t\t\t\t\t<\/div>\n\t\t\t\t<\/div>\n\t\t\t\t\t<\/div>\n\t\t<\/div>\n\t\t\t\t\t<\/div>\n\t\t<\/section>\n\t\t\t\t<section class=\"elementor-section elementor-top-section elementor-element elementor-element-400303c elementor-section-boxed elementor-section-height-default elementor-section-height-default\" data-id=\"400303c\" data-element_type=\"section\" data-e-type=\"section\">\n\t\t\t\t\t\t<div class=\"elementor-container elementor-column-gap-default\">\n\t\t\t\t\t<div class=\"elementor-column elementor-col-100 elementor-top-column elementor-element elementor-element-d01eff2\" data-id=\"d01eff2\" data-element_type=\"column\" data-e-type=\"column\">\n\t\t\t<div class=\"elementor-widget-wrap elementor-element-populated\">\n\t\t\t\t\t\t<div class=\"elementor-element elementor-element-c745ac4 elementor-widget elementor-widget-text-editor\" data-id=\"c745ac4\" data-element_type=\"widget\" data-e-type=\"widget\" data-widget_type=\"text-editor.default\">\n\t\t\t\t<div class=\"elementor-widget-container\">\n\t\t\t\t\t\t\t\t\t<p>Welcome to the Startplatform!\u00a0<\/p><p>The Startplatform is a web environment created by the Estonian Law Students' Union with the aim of helping future leaders in the legal field to start their professional careers. Here we bring together all the important internship and job advertisements aimed at building a career in law. In addition, we provide information about national and international moot court competitions and scholarship competitions. We have created an environment where you can easily access all the information you need to help you shape your path and move forward step by step.\u00a0<\/p><p>Give your legal career a start!<\/p>\t\t\t\t\t\t\t\t<\/div>\n\t\t\t\t<\/div>\n\t\t\t\t\t<\/div>\n\t\t<\/div>\n\t\t\t\t\t<\/div>\n\t\t<\/section>\n\t\t\t\t<section class=\"elementor-section elementor-top-section elementor-element elementor-element-3e301c3 elementor-section-boxed elementor-section-height-default elementor-section-height-default\" data-id=\"3e301c3\" data-element_type=\"section\" data-e-type=\"section\">\n\t\t\t\t\t\t<div class=\"elementor-container elementor-column-gap-default\">\n\t\t\t\t\t<div class=\"elementor-column elementor-col-100 elementor-top-column elementor-element elementor-element-de7909e\" data-id=\"de7909e\" data-element_type=\"column\" data-e-type=\"column\">\n\t\t\t<div class=\"elementor-widget-wrap elementor-element-populated\">\n\t\t\t\t\t\t<div class=\"elementor-element elementor-element-3e8387c elementor-widget elementor-widget-shortcode\" data-id=\"3e8387c\" data-element_type=\"widget\" data-e-type=\"widget\" data-widget_type=\"shortcode.default\">\n\t\t\t\t<div class=\"elementor-widget-container\">\n\t\t\t\t\t\t\t<div class=\"elementor-shortcode\"><div class=\"job-postings-filters clearfix filter-style-1\"><div class=\"job-listing-categories align-left\" role=\"group\" aria-label=\"Filter jobs by category\"><a href=\"https:\/\/oigusliit.eu\/en\/stardiplatvorm\/?job-category=all\" class=\"job-category job-category-all\">All<\/a><a href=\"https:\/\/oigusliit.eu\/en\/stardiplatvorm\/?job-category=avalik-sektor\" class=\"job-category job-category-avalik-sektor\">Public sector <span class=\"category\">(4)<\/span><\/a><a href=\"https:\/\/oigusliit.eu\/en\/stardiplatvorm\/?job-category=erasektor\" class=\"job-category job-category-erasektor\">Private sector <span class=\"category\">(11)<\/span><\/a><a href=\"https:\/\/oigusliit.eu\/en\/stardiplatvorm\/?job-category=euroopa\" class=\"job-category job-category-euroopa\">Euroopa <span class=\"category\">(4)<\/span><\/a><a href=\"https:\/\/oigusliit.eu\/en\/stardiplatvorm\/?job-category=konkurss\" class=\"job-category job-category-konkurss\">Contest <span class=\"category\">(0)<\/span><\/a><a href=\"https:\/\/oigusliit.eu\/en\/stardiplatvorm\/?job-category=praktikad\" class=\"job-category job-category-praktikad\">Internship <span class=\"category\">(13)<\/span><\/a><a href=\"https:\/\/oigusliit.eu\/en\/stardiplatvorm\/?job-category=stipendiumid\" class=\"job-category job-category-stipendiumid\">Scholarship <span class=\"category\">(1)<\/span><\/a><a href=\"https:\/\/oigusliit.eu\/en\/stardiplatvorm\/?job-category=suveulikool\" class=\"job-category job-category-suveulikool\">Summer School <span class=\"category\">(0)<\/span><\/a><a href=\"https:\/\/oigusliit.eu\/en\/stardiplatvorm\/?job-category=tallinn\" class=\"job-category job-category-tallinn\">Tallinn <span class=\"category\">(10)<\/span><\/a><a href=\"https:\/\/oigusliit.eu\/en\/stardiplatvorm\/?job-category=tartu\" class=\"job-category job-category-tartu\">Tartu <span class=\"category\">(2)<\/span><\/a><a href=\"https:\/\/oigusliit.eu\/en\/stardiplatvorm\/?job-category=too\" class=\"job-category job-category-too\">Job <span class=\"category\">(2)<\/span><\/a><a href=\"https:\/\/oigusliit.eu\/en\/stardiplatvorm\/?job-category=voistlused\" class=\"job-category job-category-voistlused\">Competition <span class=\"category\">(0)<\/span><\/a><\/div><div class=\"jobs-search\"><form method=\"GET\" action=\"https:\/\/oigusliit.eu\/en\/stardiplatvorm\/\" role=\"search\" aria-label=\"Search for jobs\" data-trp-original-action=\"https:\/\/oigusliit.eu\/en\/stardiplatvorm\/\"><input type=\"hidden\" value=\"\" name=\"job-category\"><label for=\"job-search-input-1\" class=\"sr-only\">Search for jobs<\/label><input id=\"job-search-input-1\" class=\"job-search\" type=\"text\" placeholder=\"Vacancy Search\" value=\"\" name=\"job-search\" aria-label=\"Search for jobs\"><button type=\"submit\" class=\"job-search-submit\" aria-label=\"Submit search\"><svg width=\"0px\" height=\"0px\" version=\"1.1\" xmlns=\"http:\/\/www.w3.org\/2000\/svg\" xmlns:xlink=\"http:\/\/www.w3.org\/1999\/xlink\" x=\"0px\" y=\"0px\"\r\n\t viewbox=\"0 0 56.966 56.966\" xml:space=\"preserve\">\r\n<path d=\"M55.146,51.887L41.588,37.786c3.486-4.144,5.396-9.358,5.396-14.786c0-12.682-10.318-23-23-23s-23,10.318-23,23\ts10.318,23,23,23c4.761,0,9.298-1.436,13.177-4.162l13.661,14.208c0.571,0.593,1.339,0.92,2.162,0.92\tc0.779,0,1.518-0.297,2.079-0.837C56.255,54.982,56.293,53.08,55.146,51.887z M23.984,6c9.374,0,17,7.626,17,17s-7.626,17-17,17\ts-17-7.626-17-17S14.61,6,23.984,6z\"\/>\r\n\r\n<\/svg>\r\n<span class=\"sr-only\">Search<\/span><\/button><input type=\"hidden\" name=\"trp-form-language\" value=\"en\"\/><\/form><\/div><\/div><section class=\"job-listing row clearfix\" aria-label=\"Job listings\"><div class=\"column medium-12 col-md-12\" role=\"list\"><article class=\"job-preview clearfix\" role=\"article\" aria-labelledby=\"job-title-3213\"><div class=\"job-content\"><h5><a href=\"https:\/\/oigusliit.eu\/en\/job\/advokaadiburoo-magnusson-praktikant\/\" id=\"job-title-3213\" target=\"_self\"><span>Advokaadib\u00fcroo Magnusson<\/span><\/a><\/h5><div class=\"job-additional-information\" aria-label=\"Additional job information\"><div class=\"job_custom_message\"><b>praktikant<\/b><br \/>asukoht: Tallinn, v\u00f5imalik kaugt\u00f6\u00f6<br \/><\/div><\/div><\/div><div class=\"job-cta\"><a href=\"https:\/\/oigusliit.eu\/en\/job\/advokaadiburoo-magnusson-praktikant\/\" target=\"_self\" class=\"apply-btn local\" aria-label=\"View job: Advokaadib\u00fcroo Magnusson\">View<\/a><\/div><\/article><article class=\"job-preview clearfix\" role=\"article\" aria-labelledby=\"job-title-3385\"><div class=\"job-content\"><h5><a href=\"https:\/\/oigusliit.eu\/en\/job\/naiste-tugi-ja-teabekeskus-jurist\/\" id=\"job-title-3385\" target=\"_self\"><span>Naiste Tugi-ja Teabekeskus<\/span><\/a><\/h5><div class=\"job-additional-information\" aria-label=\"Additional job information\"><div class=\"job_custom_message\"><b>jurist<\/b><\/div><\/div><\/div><div class=\"job-cta\"><a href=\"https:\/\/oigusliit.eu\/en\/job\/naiste-tugi-ja-teabekeskus-jurist\/\" target=\"_self\" class=\"apply-btn local\" aria-label=\"View job: Naiste Tugi-ja Teabekeskus\">View<\/a><\/div><\/article><article class=\"job-preview clearfix\" role=\"article\" aria-labelledby=\"job-title-4099\"><div class=\"job-content\"><h5><a href=\"https:\/\/oigusliit.eu\/en\/job\/stipendium-oigusteaduse-bakalaureuse-ja-magistrioppe-uliopilastele\/\" id=\"job-title-4099\" target=\"_self\"><span>Swedbank<\/span><\/a><\/h5><div class=\"job-additional-information\" aria-label=\"Additional job information\"><div class=\"job_custom_message\"><b>stipendium<\/b><br \/>asukoht: \u00dcle Eesti<br \/>kandideerimist\u00e4htaeg: 21. aprill<\/div><\/div><\/div><div class=\"job-cta\"><a href=\"https:\/\/oigusliit.eu\/en\/job\/stipendium-oigusteaduse-bakalaureuse-ja-magistrioppe-uliopilastele\/\" target=\"_self\" class=\"apply-btn local\" aria-label=\"View job: Swedbank\">View<\/a><\/div><\/article><\/div><\/section>\n<\/div>\n\t\t\t\t\t\t<\/div>\n\t\t\t\t<\/div>\n\t\t\t\t\t<\/div>\n\t\t<\/div>\n\t\t\t\t\t<\/div>\n\t\t<\/section>\n\t\t\t\t<\/div>","protected":false},"excerpt":{"rendered":"<p>Tere tulemast Stardiplatvormile!\u00a0 Stardiplatvorm on Eesti \u00d5igusteaduse \u00dcli\u00f5pilaste Liidu poolt loodud veebikeskkond, mille eesm\u00e4rk on aidata \u00f5igusmaastiku tulevikutegijatel alustada professionaalset karj\u00e4\u00e4riteed. Siia koondame k\u00f5ik olulised praktika- ja t\u00f6\u00f6kuulutused, mis on [&hellip;]<\/p>\n","protected":false},"author":2,"featured_media":0,"parent":0,"menu_order":0,"comment_status":"closed","ping_status":"closed","template":"","meta":{"_monsterinsights_skip_tracking":false,"_monsterinsights_sitenote_active":false,"_monsterinsights_sitenote_note":"","_monsterinsights_sitenote_category":0,"_uf_show_specific_survey":0,"_uf_disable_surveys":false,"site-sidebar-layout":"no-sidebar","site-content-layout":"page-builder","ast-site-content-layout":"full-width-container","site-content-style":"default","site-sidebar-style":"default","ast-global-header-display":"","ast-banner-title-visibility":"","ast-main-header-display":"","ast-hfb-above-header-display":"","ast-hfb-below-header-display":"","ast-hfb-mobile-header-display":"","site-post-title":"disabled","ast-breadcrumbs-content":"","ast-featured-img":"disabled","footer-sml-layout":"","theme-transparent-header-meta":"","adv-header-id-meta":"","stick-header-meta":"","header-above-stick-meta":"","header-main-stick-meta":"","header-below-stick-meta":"","astra-migrate-meta-layouts":"set","ast-page-background-enabled":"default","ast-page-background-meta":{"desktop":{"background-color":"","background-image":"","background-repeat":"repeat","background-position":"center center","background-size":"auto","background-attachment":"scroll","background-type":"","background-media":"","overlay-type":"","overlay-color":"","overlay-opacity":"","overlay-gradient":""},"tablet":{"background-color":"","background-image":"","background-repeat":"repeat","background-position":"center center","background-size":"auto","background-attachment":"scroll","background-type":"","background-media":"","overlay-type":"","overlay-color":"","overlay-opacity":"","overlay-gradient":""},"mobile":{"background-color":"","background-image":"","background-repeat":"repeat","background-position":"center center","background-size":"auto","background-attachment":"scroll","background-type":"","background-media":"","overlay-type":"","overlay-color":"","overlay-opacity":"","overlay-gradient":""}},"ast-content-background-meta":{"desktop":{"background-color":"var(--ast-global-color-5)","background-image":"","background-repeat":"repeat","background-position":"center center","background-size":"auto","background-attachment":"scroll","background-type":"","background-media":"","overlay-type":"","overlay-color":"","overlay-opacity":"","overlay-gradient":""},"tablet":{"background-color":"var(--ast-global-color-5)","background-image":"","background-repeat":"repeat","background-position":"center center","background-size":"auto","background-attachment":"scroll","background-type":"","background-media":"","overlay-type":"","overlay-color":"","overlay-opacity":"","overlay-gradient":""},"mobile":{"background-color":"var(--ast-global-color-5)","background-image":"","background-repeat":"repeat","background-position":"center center","background-size":"auto","background-attachment":"scroll","background-type":"","background-media":"","overlay-type":"","overlay-color":"","overlay-opacity":"","overlay-gradient":""}},"footnotes":""},"class_list":["post-2375","page","type-page","status-publish","hentry"],"_links":{"self":[{"href":"https:\/\/oigusliit.eu\/en\/wp-json\/wp\/v2\/pages\/2375","targetHints":{"allow":["GET"]}}],"collection":[{"href":"https:\/\/oigusliit.eu\/en\/wp-json\/wp\/v2\/pages"}],"about":[{"href":"https:\/\/oigusliit.eu\/en\/wp-json\/wp\/v2\/types\/page"}],"author":[{"embeddable":true,"href":"https:\/\/oigusliit.eu\/en\/wp-json\/wp\/v2\/users\/2"}],"replies":[{"embeddable":true,"href":"https:\/\/oigusliit.eu\/en\/wp-json\/wp\/v2\/comments?post=2375"}],"version-history":[{"count":161,"href":"https:\/\/oigusliit.eu\/en\/wp-json\/wp\/v2\/pages\/2375\/revisions"}],"predecessor-version":[{"id":2772,"href":"https:\/\/oigusliit.eu\/en\/wp-json\/wp\/v2\/pages\/2375\/revisions\/2772"}],"wp:attachment":[{"href":"https:\/\/oigusliit.eu\/en\/wp-json\/wp\/v2\/media?parent=2375"}],"curies":[{"name":"wp","href":"https:\/\/api.w.org\/{rel}","templated":true}]}}