{"id":2305,"date":"2024-02-22T12:40:39","date_gmt":"2024-02-22T10:40:39","guid":{"rendered":"https:\/\/oigusliit.eu\/?page_id=2305"},"modified":"2024-03-03T19:49:54","modified_gmt":"2024-03-03T17:49:54","slug":"liidu-aastaraamat-2023","status":"publish","type":"page","link":"https:\/\/oigusliit.eu\/en\/liidu-aastaraamat-2023\/","title":{"rendered":"Yearbook 2023"},"content":{"rendered":"<div data-elementor-type=\"wp-page\" data-elementor-id=\"2305\" class=\"elementor elementor-2305\" data-elementor-post-type=\"page\">\n\t\t\t\t\t\t<section class=\"elementor-section elementor-top-section elementor-element elementor-element-b247dfe elementor-section-boxed elementor-section-height-default elementor-section-height-default\" data-id=\"b247dfe\" data-element_type=\"section\" data-e-type=\"section\">\n\t\t\t\t\t\t<div class=\"elementor-container elementor-column-gap-default\">\n\t\t\t\t\t<div class=\"elementor-column elementor-col-100 elementor-top-column elementor-element elementor-element-afc05cf\" data-id=\"afc05cf\" data-element_type=\"column\" data-e-type=\"column\">\n\t\t\t<div class=\"elementor-widget-wrap elementor-element-populated\">\n\t\t\t\t\t\t<div class=\"elementor-element elementor-element-b8541a8 elementor-widget elementor-widget-heading\" data-id=\"b8541a8\" data-element_type=\"widget\" data-e-type=\"widget\" data-widget_type=\"heading.default\">\n\t\t\t\t<div class=\"elementor-widget-container\">\n\t\t\t\t\t<h1 class=\"elementor-heading-title elementor-size-default\">Yearbook 2023<\/h1>\t\t\t\t<\/div>\n\t\t\t\t<\/div>\n\t\t\t\t\t<\/div>\n\t\t<\/div>\n\t\t\t\t\t<\/div>\n\t\t<\/section>\n\t\t\t\t<section class=\"elementor-section elementor-top-section elementor-element elementor-element-e2fca5a elementor-section-boxed elementor-section-height-default elementor-section-height-default\" data-id=\"e2fca5a\" data-element_type=\"section\" data-e-type=\"section\">\n\t\t\t\t\t\t<div class=\"elementor-container elementor-column-gap-default\">\n\t\t\t\t\t<div class=\"elementor-column elementor-col-50 elementor-top-column elementor-element elementor-element-3661aad\" data-id=\"3661aad\" data-element_type=\"column\" data-e-type=\"column\">\n\t\t\t<div class=\"elementor-widget-wrap elementor-element-populated\">\n\t\t\t\t\t\t<div class=\"elementor-element elementor-element-e50d48c elementor-widget elementor-widget-text-editor\" data-id=\"e50d48c\" data-element_type=\"widget\" data-e-type=\"widget\" data-widget_type=\"text-editor.default\">\n\t\t\t\t<div class=\"elementor-widget-container\">\n\t\t\t\t\t\t\t\t\t<p>Dear reader!<\/p>\n<p>You are looking at something unique that has never been seen before. To celebrate the 18th anniversary of the Estonian Law Students' Union, we have put together a story of our challenging and growth-filled year. In the year 2023, we faced a significant stepping-stone, a leap forward in the development of the Union, aimed at taking it to a new, more meaningful level, offering even more developmental value to its members and law students both here and abroad.<\/p>\n<p>This yearbook highlights our greatest asset - our people! As you browse through the Yearbook, you'll be guided through our patterns of activity, successful ventures, and you'll hear the reflections of our members and partners. This yearbook is also a result of our forwardly leap, with contributions from all those with whom we have something in common.<\/p>\n<p>As we continue on our journey for the 2023\/2024 season, we would like to express our special thanks to our members, our supporters, our partners and everyone else who actively contributes to the development of the student body. A special acknowledgement goes to our yearbook workgroup, including Mary-Liis Mustonen, the leader of the workgroup, Thyle Kelder, Keitlin K\u00fctt, Andre Tuul, Tristan R\u00e4\u00e4k, the management board, and to all the other members who contributed to this yearbook!<\/p>\n<p>We wish you a good read and a safe journey!<\/p>\t\t\t\t\t\t\t\t<\/div>\n\t\t\t\t<\/div>\n\t\t\t\t<div class=\"elementor-element elementor-element-7d7a60c elementor-widget__width-initial elementor-widget elementor-widget-text-editor\" data-id=\"7d7a60c\" data-element_type=\"widget\" data-e-type=\"widget\" data-widget_type=\"text-editor.default\">\n\t\t\t\t<div class=\"elementor-widget-container\">\n\t\t\t\t\t\t\t\t\t<p>\u00a0<span style=\"font-size: 15px; font-style: normal; font-weight: 400; color: var( --e-global-color-86d04eb ); font-family: var( --e-global-typography-text-font-family ), Sans-serif;\">Read the yearbook here:\u00a0<\/span><a style=\"font-size: 15px; font-family: var( --e-global-typography-text-font-family ), Sans-serif; background-color: #ffffff;\" href=\"https:\/\/oigusliit.eu\/wp-content\/uploads\/2024\/03\/EOUL-AASTARAAMAT-2023.pdf\">EO\u0303U\u0308L AASTARAAMAT 2023<\/a><\/p>\t\t\t\t\t\t\t\t<\/div>\n\t\t\t\t<\/div>\n\t\t\t\t\t<\/div>\n\t\t<\/div>\n\t\t\t\t<div class=\"elementor-column elementor-col-50 elementor-top-column elementor-element elementor-element-3d26aef\" data-id=\"3d26aef\" data-element_type=\"column\" data-e-type=\"column\">\n\t\t\t<div class=\"elementor-widget-wrap elementor-element-populated\">\n\t\t\t\t\t\t<div class=\"elementor-element elementor-element-ca5123b elementor-widget elementor-widget-image\" data-id=\"ca5123b\" data-element_type=\"widget\" data-e-type=\"widget\" data-widget_type=\"image.default\">\n\t\t\t\t<div class=\"elementor-widget-container\">\n\t\t\t\t\t\t\t\t\t\t\t\t\t\t\t<img fetchpriority=\"high\" decoding=\"async\" width=\"1414\" height=\"2000\" src=\"https:\/\/oigusliit.eu\/wp-content\/uploads\/2024\/02\/EOUL-AASTARAAMAT-2023-esikaas.png\" class=\"attachment-full size-full wp-image-2364\" alt=\"\" srcset=\"https:\/\/oigusliit.eu\/wp-content\/uploads\/2024\/02\/EOUL-AASTARAAMAT-2023-esikaas.png 1414w, https:\/\/oigusliit.eu\/wp-content\/uploads\/2024\/02\/EOUL-AASTARAAMAT-2023-esikaas-212x300.png 212w, https:\/\/oigusliit.eu\/wp-content\/uploads\/2024\/02\/EOUL-AASTARAAMAT-2023-esikaas-724x1024.png 724w, https:\/\/oigusliit.eu\/wp-content\/uploads\/2024\/02\/EOUL-AASTARAAMAT-2023-esikaas-768x1086.png 768w, https:\/\/oigusliit.eu\/wp-content\/uploads\/2024\/02\/EOUL-AASTARAAMAT-2023-esikaas-1086x1536.png 1086w, https:\/\/oigusliit.eu\/wp-content\/uploads\/2024\/02\/EOUL-AASTARAAMAT-2023-esikaas-8x12.png 8w\" sizes=\"(max-width: 1414px) 100vw, 1414px\" \/>\t\t\t\t\t\t\t\t\t\t\t\t\t\t\t<\/div>\n\t\t\t\t<\/div>\n\t\t\t\t\t<\/div>\n\t\t<\/div>\n\t\t\t\t\t<\/div>\n\t\t<\/section>\n\t\t\t\t<\/div>","protected":false},"excerpt":{"rendered":"<p>Liidu aastaraamat 2023 Hea lugeja! Sinu ees on miski, mida kunagi varem sellisel kujul n\u00e4htud ei ole. Eesti \u00d5igusteaduse \u00dcli\u00f5pilaste Liidu 18-aastaseks saamise t\u00e4histamiseks panime kokku \u00fche loo meie v\u00e4ljakutsete- [&hellip;]<\/p>\n","protected":false},"author":2,"featured_media":0,"parent":0,"menu_order":0,"comment_status":"closed","ping_status":"closed","template":"","meta":{"_monsterinsights_skip_tracking":false,"_monsterinsights_sitenote_active":false,"_monsterinsights_sitenote_note":"","_monsterinsights_sitenote_category":0,"_uf_show_specific_survey":0,"_uf_disable_surveys":false,"site-sidebar-layout":"no-sidebar","site-content-layout":"page-builder","ast-site-content-layout":"full-width-container","site-content-style":"default","site-sidebar-style":"default","ast-global-header-display":"","ast-banner-title-visibility":"","ast-main-header-display":"","ast-hfb-above-header-display":"","ast-hfb-below-header-display":"","ast-hfb-mobile-header-display":"","site-post-title":"disabled","ast-breadcrumbs-content":"","ast-featured-img":"disabled","footer-sml-layout":"","theme-transparent-header-meta":"","adv-header-id-meta":"","stick-header-meta":"","header-above-stick-meta":"","header-main-stick-meta":"","header-below-stick-meta":"","astra-migrate-meta-layouts":"set","ast-page-background-enabled":"default","ast-page-background-meta":{"desktop":{"background-color":"","background-image":"","background-repeat":"repeat","background-position":"center center","background-size":"auto","background-attachment":"scroll","background-type":"","background-media":"","overlay-type":"","overlay-color":"","overlay-opacity":"","overlay-gradient":""},"tablet":{"background-color":"","background-image":"","background-repeat":"repeat","background-position":"center center","background-size":"auto","background-attachment":"scroll","background-type":"","background-media":"","overlay-type":"","overlay-color":"","overlay-opacity":"","overlay-gradient":""},"mobile":{"background-color":"","background-image":"","background-repeat":"repeat","background-position":"center center","background-size":"auto","background-attachment":"scroll","background-type":"","background-media":"","overlay-type":"","overlay-color":"","overlay-opacity":"","overlay-gradient":""}},"ast-content-background-meta":{"desktop":{"background-color":"var(--ast-global-color-5)","background-image":"","background-repeat":"repeat","background-position":"center center","background-size":"auto","background-attachment":"scroll","background-type":"","background-media":"","overlay-type":"","overlay-color":"","overlay-opacity":"","overlay-gradient":""},"tablet":{"background-color":"var(--ast-global-color-5)","background-image":"","background-repeat":"repeat","background-position":"center center","background-size":"auto","background-attachment":"scroll","background-type":"","background-media":"","overlay-type":"","overlay-color":"","overlay-opacity":"","overlay-gradient":""},"mobile":{"background-color":"var(--ast-global-color-5)","background-image":"","background-repeat":"repeat","background-position":"center center","background-size":"auto","background-attachment":"scroll","background-type":"","background-media":"","overlay-type":"","overlay-color":"","overlay-opacity":"","overlay-gradient":""}},"footnotes":""},"class_list":["post-2305","page","type-page","status-publish","hentry"],"_links":{"self":[{"href":"https:\/\/oigusliit.eu\/en\/wp-json\/wp\/v2\/pages\/2305","targetHints":{"allow":["GET"]}}],"collection":[{"href":"https:\/\/oigusliit.eu\/en\/wp-json\/wp\/v2\/pages"}],"about":[{"href":"https:\/\/oigusliit.eu\/en\/wp-json\/wp\/v2\/types\/page"}],"author":[{"embeddable":true,"href":"https:\/\/oigusliit.eu\/en\/wp-json\/wp\/v2\/users\/2"}],"replies":[{"embeddable":true,"href":"https:\/\/oigusliit.eu\/en\/wp-json\/wp\/v2\/comments?post=2305"}],"version-history":[{"count":41,"href":"https:\/\/oigusliit.eu\/en\/wp-json\/wp\/v2\/pages\/2305\/revisions"}],"predecessor-version":[{"id":2459,"href":"https:\/\/oigusliit.eu\/en\/wp-json\/wp\/v2\/pages\/2305\/revisions\/2459"}],"wp:attachment":[{"href":"https:\/\/oigusliit.eu\/en\/wp-json\/wp\/v2\/media?parent=2305"}],"curies":[{"name":"wp","href":"https:\/\/api.w.org\/{rel}","templated":true}]}}