{"id":1338,"date":"2022-12-02T15:59:01","date_gmt":"2022-12-02T15:59:01","guid":{"rendered":"https:\/\/oigusliit.eu\/?page_id=1338"},"modified":"2025-11-24T10:47:50","modified_gmt":"2025-11-24T08:47:50","slug":"law-journey","status":"publish","type":"page","link":"https:\/\/oigusliit.eu\/en\/law-journey\/","title":{"rendered":"Law Journey"},"content":{"rendered":"<div data-elementor-type=\"wp-page\" data-elementor-id=\"1338\" class=\"elementor elementor-1338\" data-elementor-post-type=\"page\">\n\t\t\t\t\t\t<section class=\"elementor-section elementor-top-section elementor-element elementor-element-3cf25b0 elementor-section-boxed elementor-section-height-default elementor-section-height-default\" data-id=\"3cf25b0\" data-element_type=\"section\" data-e-type=\"section\">\n\t\t\t\t\t\t<div class=\"elementor-container elementor-column-gap-default\">\n\t\t\t\t\t<div class=\"elementor-column elementor-col-100 elementor-top-column elementor-element elementor-element-b9b5f23\" data-id=\"b9b5f23\" data-element_type=\"column\" data-e-type=\"column\">\n\t\t\t<div class=\"elementor-widget-wrap elementor-element-populated\">\n\t\t\t\t\t\t<div class=\"elementor-element elementor-element-1f249e8 elementor-widget__width-initial elementor-widget elementor-widget-image\" data-id=\"1f249e8\" data-element_type=\"widget\" data-e-type=\"widget\" data-widget_type=\"image.default\">\n\t\t\t\t<div class=\"elementor-widget-container\">\n\t\t\t\t\t\t\t\t\t\t\t\t\t\t\t<img fetchpriority=\"high\" decoding=\"async\" width=\"1640\" height=\"924\" src=\"https:\/\/oigusliit.eu\/wp-content\/uploads\/2025\/11\/koduka-banner.png\" class=\"attachment-full size-full wp-image-3836\" alt=\"\" srcset=\"https:\/\/oigusliit.eu\/wp-content\/uploads\/2025\/11\/koduka-banner.png 1640w, https:\/\/oigusliit.eu\/wp-content\/uploads\/2025\/11\/koduka-banner-300x169.png 300w, https:\/\/oigusliit.eu\/wp-content\/uploads\/2025\/11\/koduka-banner-1024x577.png 1024w, https:\/\/oigusliit.eu\/wp-content\/uploads\/2025\/11\/koduka-banner-768x433.png 768w, https:\/\/oigusliit.eu\/wp-content\/uploads\/2025\/11\/koduka-banner-1536x865.png 1536w, https:\/\/oigusliit.eu\/wp-content\/uploads\/2025\/11\/koduka-banner-18x10.png 18w\" sizes=\"(max-width: 1640px) 100vw, 1640px\" \/>\t\t\t\t\t\t\t\t\t\t\t\t\t\t\t<\/div>\n\t\t\t\t<\/div>\n\t\t\t\t\t<\/div>\n\t\t<\/div>\n\t\t\t\t\t<\/div>\n\t\t<\/section>\n\t\t\t\t<section class=\"elementor-section elementor-top-section elementor-element elementor-element-6e7526d elementor-section-boxed elementor-section-height-default elementor-section-height-default\" data-id=\"6e7526d\" data-element_type=\"section\" data-e-type=\"section\">\n\t\t\t\t\t\t<div class=\"elementor-container elementor-column-gap-default\">\n\t\t\t\t\t<div class=\"elementor-column elementor-col-100 elementor-top-column elementor-element elementor-element-1256645\" data-id=\"1256645\" data-element_type=\"column\" data-e-type=\"column\">\n\t\t\t<div class=\"elementor-widget-wrap elementor-element-populated\">\n\t\t\t\t\t\t<div class=\"elementor-element elementor-element-91f9791 elementor-widget elementor-widget-heading\" data-id=\"91f9791\" data-element_type=\"widget\" data-e-type=\"widget\" data-widget_type=\"heading.default\">\n\t\t\t\t<div class=\"elementor-widget-container\">\n\t\t\t\t\t<h1 class=\"elementor-heading-title elementor-size-default\">Law Journey<\/h1>\t\t\t\t<\/div>\n\t\t\t\t<\/div>\n\t\t\t\t\t<\/div>\n\t\t<\/div>\n\t\t\t\t\t<\/div>\n\t\t<\/section>\n\t\t\t\t<section class=\"elementor-section elementor-top-section elementor-element elementor-element-f247ed7 elementor-section-boxed elementor-section-height-default elementor-section-height-default\" data-id=\"f247ed7\" data-element_type=\"section\" data-e-type=\"section\">\n\t\t\t\t\t\t<div class=\"elementor-container elementor-column-gap-default\">\n\t\t\t\t\t<div class=\"elementor-column elementor-col-100 elementor-top-column elementor-element elementor-element-9ee5558\" data-id=\"9ee5558\" data-element_type=\"column\" data-e-type=\"column\">\n\t\t\t<div class=\"elementor-widget-wrap elementor-element-populated\">\n\t\t\t\t\t\t<div class=\"elementor-element elementor-element-a93a15f elementor-widget elementor-widget-text-editor\" data-id=\"a93a15f\" data-element_type=\"widget\" data-e-type=\"widget\" data-widget_type=\"text-editor.default\">\n\t\t\t\t<div class=\"elementor-widget-container\">\n\t\t\t\t\t\t\t\t\t<p style=\"text-align: left;\"><span style=\"font-weight: 400;\">\u201eLaw Journey\u201c on paralleelne \u00fcli\u00f5pilasvahetus Eesti ja Belgia \u00f5igustudengite vahel, mida korraldab Liit koost\u00f6\u00f6s Genti \u00dclikooli \u00f5igustudengite organisatsiooniga Vlaams Rechtsgenootschap Gent. Juba teist aastat on sihtkohaks Belgia, kuid \u201eLaw Journey\u201c on viinud tudengeid ka Rumeeniasse. Tegemist on programmiga, mis toimub n\u00fc\u00fcdseks juba neljandat korda, pakkudes tudengitele v\u00e4\u00e4rtuslikku v\u00f5imalust tutvuda teise riigi \u00f5iguss\u00fcsteemi, kultuuri ja akadeemilise keskkonnaga.\u00a0<\/span><\/p><p><span style=\"font-weight: 400;\">Ka eelmisel aastal veetsid Eesti \u00f5igustudengid n\u00e4dala Belgias, kus programmi raames k\u00fclastati Euroopa Parlamenti ja Genti \u00dclikooli \u00f5igusteaduskonda, tutvuti Belgia \u00f5iguskultuuri ja \u00fchiskonnakorraldusega, v\u00f5eti osa loengutest ning kohtuti kohalike tudengite ja juristidega. Kultuuriprogrammi kaudu avastati Genti ajaloolist vanalinna, muuseume ning kohalikke traditsioone. Tagasiside programmile oli v\u00e4ga positiivne \u2013 kogemus pakkus nii v\u00f5rdlevat \u00f5igusvaadet kui ka silmaringi laiendavaid elamusi.<\/span><\/p><p><span style=\"font-weight: 400;\">Samaaegselt v\u00f5\u00f5rustasid Eesti tudengid Genti \u00dclikooli \u00f5igustudengeid Eestis. Belgia tudengitele koostatud programm keskendus Eesti \u00f5iguss\u00fcsteemi ja Tartu \u00dclikooli \u00f5igusteaduskonna rahvusvaheliste v\u00f5imaluste tutvustamisele. K\u00fclastati Riigikogu, Justiits- ja Digiministeeriumit ning Hollandi saatkonda, Tartu \u00dclikooli Tartu \u00f5ppehoonet ning Riigikohut. Ka kultuuriprogramm oli sisukas: Belgia tudengid tutvusid Tallinna ja Tartu vaatamisv\u00e4\u00e4rsuste ja muuseumitega ning avastasid ka eesti saunakultuuri.<\/span><\/p><ol start=\"2026\"><li><span style=\"font-weight: 400;\"> aasta kevadel on Eesti juuratudengitel taas v\u00f5imalus tutvuda Belgia \u00f5iguskultuuriga ja teiste \u00f5igustudengitega ning luua vahvaid m\u00e4lestusi.<\/span><\/li><\/ol><p><span style=\"font-weight: 400;\">\u201eLaw Journey\u201c naaseb juba 20.04\u201326.04.2026!<\/span><\/p><p><span style=\"font-weight: 400;\">Kui soovid 2026. aasta programmis osaleda, tuleb Sul esitada:<\/span><span style=\"font-weight: 400;\"><br \/><\/span><span style=\"font-weight: 400;\"><img decoding=\"async\" class=\"emoji\" role=\"img\" draggable=\"false\" src=\"https:\/\/s.w.org\/images\/core\/emoji\/16.0.1\/svg\/2714.svg\" alt=\"\u2714\ufe0f\" \/> motivatsioonikiri (inglise keeles, max 1 A4)<\/span><span style=\"font-weight: 400;\"><br \/><\/span><span style=\"font-weight: 400;\"><img decoding=\"async\" class=\"emoji\" role=\"img\" draggable=\"false\" src=\"https:\/\/s.w.org\/images\/core\/emoji\/16.0.1\/svg\/2714.svg\" alt=\"\u2714\ufe0f\" \/> t\u00e4idetud ankeet: <a href=\"https:\/\/docs.google.com\/forms\/d\/e\/1FAIpQLSfzQk0XzDy3ribeQsv9W-hn_tOP23-hfxi57nyuAM4361kY_g\/viewform?usp=header\">https:\/\/docs.google.com\/forms\/d\/e\/1FAIpQLSfzQk0XzDy3ribeQsv9W-hn_tOP23-hfxi57nyuAM4361kY_g\/viewform?usp=header<\/a><\/span><\/p><p><span style=\"font-weight: 400;\">Kandideerimisavaldus esita hiljemalt 03.12 e-posti aadressile eouliit@gmail.com.<\/span><\/p><p><span style=\"font-weight: 400;\">Kui Sul tekib t\u00e4psustavaid k\u00fcsimusi, siis k\u00fcsi julgelt Forms-is v\u00f5i kirjuta aadressile eouliit@gmail.com!<\/span><\/p>\t\t\t\t\t\t\t\t<\/div>\n\t\t\t\t<\/div>\n\t\t\t\t\t<\/div>\n\t\t<\/div>\n\t\t\t\t\t<\/div>\n\t\t<\/section>\n\t\t\t\t<\/div>","protected":false},"excerpt":{"rendered":"<p>Law Journey \u201eLaw Journey\u201c on paralleelne \u00fcli\u00f5pilasvahetus Eesti ja Belgia \u00f5igustudengite vahel, mida korraldab Liit koost\u00f6\u00f6s Genti \u00dclikooli \u00f5igustudengite organisatsiooniga Vlaams Rechtsgenootschap Gent. Juba teist aastat on sihtkohaks Belgia, kuid [&hellip;]<\/p>\n","protected":false},"author":2,"featured_media":0,"parent":0,"menu_order":0,"comment_status":"closed","ping_status":"closed","template":"","meta":{"_monsterinsights_skip_tracking":false,"_monsterinsights_sitenote_active":false,"_monsterinsights_sitenote_note":"","_monsterinsights_sitenote_category":0,"_uf_show_specific_survey":0,"_uf_disable_surveys":false,"site-sidebar-layout":"no-sidebar","site-content-layout":"page-builder","ast-site-content-layout":"default","site-content-style":"default","site-sidebar-style":"default","ast-global-header-display":"","ast-banner-title-visibility":"","ast-main-header-display":"","ast-hfb-above-header-display":"","ast-hfb-below-header-display":"","ast-hfb-mobile-header-display":"","site-post-title":"disabled","ast-breadcrumbs-content":"","ast-featured-img":"disabled","footer-sml-layout":"","ast-disable-related-posts":"","theme-transparent-header-meta":"","adv-header-id-meta":"","stick-header-meta":"","header-above-stick-meta":"","header-main-stick-meta":"","header-below-stick-meta":"","astra-migrate-meta-layouts":"default","ast-page-background-enabled":"default","ast-page-background-meta":{"desktop":{"background-color":"","background-image":"","background-repeat":"repeat","background-position":"center center","background-size":"auto","background-attachment":"scroll","background-type":"","background-media":"","overlay-type":"","overlay-color":"","overlay-opacity":"","overlay-gradient":""},"tablet":{"background-color":"","background-image":"","background-repeat":"repeat","background-position":"center center","background-size":"auto","background-attachment":"scroll","background-type":"","background-media":"","overlay-type":"","overlay-color":"","overlay-opacity":"","overlay-gradient":""},"mobile":{"background-color":"","background-image":"","background-repeat":"repeat","background-position":"center center","background-size":"auto","background-attachment":"scroll","background-type":"","background-media":"","overlay-type":"","overlay-color":"","overlay-opacity":"","overlay-gradient":""}},"ast-content-background-meta":{"desktop":{"background-color":"var(--ast-global-color-5)","background-image":"","background-repeat":"repeat","background-position":"center center","background-size":"auto","background-attachment":"scroll","background-type":"","background-media":"","overlay-type":"","overlay-color":"","overlay-opacity":"","overlay-gradient":""},"tablet":{"background-color":"var(--ast-global-color-5)","background-image":"","background-repeat":"repeat","background-position":"center center","background-size":"auto","background-attachment":"scroll","background-type":"","background-media":"","overlay-type":"","overlay-color":"","overlay-opacity":"","overlay-gradient":""},"mobile":{"background-color":"var(--ast-global-color-5)","background-image":"","background-repeat":"repeat","background-position":"center center","background-size":"auto","background-attachment":"scroll","background-type":"","background-media":"","overlay-type":"","overlay-color":"","overlay-opacity":"","overlay-gradient":""}},"footnotes":""},"class_list":["post-1338","page","type-page","status-publish","hentry"],"aioseo_notices":[],"_links":{"self":[{"href":"https:\/\/oigusliit.eu\/en\/wp-json\/wp\/v2\/pages\/1338","targetHints":{"allow":["GET"]}}],"collection":[{"href":"https:\/\/oigusliit.eu\/en\/wp-json\/wp\/v2\/pages"}],"about":[{"href":"https:\/\/oigusliit.eu\/en\/wp-json\/wp\/v2\/types\/page"}],"author":[{"embeddable":true,"href":"https:\/\/oigusliit.eu\/en\/wp-json\/wp\/v2\/users\/2"}],"replies":[{"embeddable":true,"href":"https:\/\/oigusliit.eu\/en\/wp-json\/wp\/v2\/comments?post=1338"}],"version-history":[{"count":69,"href":"https:\/\/oigusliit.eu\/en\/wp-json\/wp\/v2\/pages\/1338\/revisions"}],"predecessor-version":[{"id":3846,"href":"https:\/\/oigusliit.eu\/en\/wp-json\/wp\/v2\/pages\/1338\/revisions\/3846"}],"wp:attachment":[{"href":"https:\/\/oigusliit.eu\/en\/wp-json\/wp\/v2\/media?parent=1338"}],"curies":[{"name":"wp","href":"https:\/\/api.w.org\/{rel}","templated":true}]}}